{"id":46,"date":"2020-11-29T11:15:20","date_gmt":"2020-11-29T10:15:20","guid":{"rendered":"http:\/\/skns.hoborskiego.agh.edu.pl\/?page_id=46"},"modified":"2025-11-19T14:04:21","modified_gmt":"2025-11-19T13:04:21","slug":"o-nas","status":"publish","type":"page","link":"https:\/\/skns.hoborskiego.agh.edu.pl\/en\/o-nas\/","title":{"rendered":"About us"},"content":{"rendered":"<h3 class=\"wp-block-heading has-text-align-center\">Rector\u2019s Representative for Science Societies of the Black Area of The AGH UST<br>dr eng. Pawe\u0142 Janowski<\/h3>\n\n\n\n<div class=\"wp-block-columns is-layout-flex wp-container-core-columns-is-layout-9d6595d7 wp-block-columns-is-layout-flex\">\n<div class=\"wp-block-column is-layout-flow wp-block-column-is-layout-flow\" style=\"flex-basis:100%\"><div class=\"wp-block-image\">\n<figure class=\"aligncenter size-full is-resized\"><img loading=\"lazy\" decoding=\"async\" width=\"1024\" height=\"1023\" src=\"http:\/\/skns.hoborskiego.agh.edu.pl\/wp-content\/uploads\/2022\/11\/jano1024.png\" alt=\"\" class=\"wp-image-440\" style=\"width:397px;height:394px\"\/><\/figure>\n<\/div><\/div>\n<\/div>\n\n\n\n<div class=\"wp-block-columns is-layout-flex wp-container-core-columns-is-layout-9d6595d7 wp-block-columns-is-layout-flex\">\n<div class=\"wp-block-column is-layout-flow wp-block-column-is-layout-flow\" style=\"flex-basis:100%\">\n<p class=\"has-text-align-center\">Jestem adiunktem dydaktycznym w Zespole Obs\u0142ugi Dydaktyki Wydzia\u0142u Fizyki i Informatyki Stosowanej AGH w Krakowie. W 2020 r. zosta\u0142em Pe\u0142nomocnikiem Rektora ds. K\u00f3\u0142 Obszaru Czarnego.<\/p>\n\n\n\n<p class=\"has-text-align-center\">Do moich obowi\u0105zk\u00f3w dydaktycznych nale\u017cy prowadzenie zaj\u0119\u0107 audytoryjnych oraz laboratoryjnych z fizyki og\u00f3lnej. Ponadto opiekuj\u0119 si\u0119 zespo\u0142em demonstracji wyk\u0142adowych w Pracowni Demonstracji Fizycznych i popularyzuj\u0119 fizyk\u0119 poprzez proszone wyk\u0142ady popularne i pokazy do\u015bwiadcze\u0144.<\/p>\n<\/div>\n<\/div>\n\n\n\n<div style=\"height:50px\" aria-hidden=\"true\" class=\"wp-block-spacer\"><\/div>\n\n\n\n<h3 class=\"wp-block-heading has-text-align-center\">Organisation Committee<\/h3>\n\n\n\n<p class=\"has-text-align-center\"><strong>President<\/strong><br>Dawid Pietruch<\/p>\n\n\n\n<p class=\"has-text-align-center\"><\/p>\n\n\n\n<div class=\"wp-block-columns alignwide is-layout-flex wp-container-core-columns-is-layout-9d6595d7 wp-block-columns-is-layout-flex\">\n<div class=\"wp-block-column is-layout-flow wp-block-column-is-layout-flow\">\n<p class=\"has-text-align-center\"><strong>Marketing, social media<\/strong><\/p>\n\n\n\n<p class=\"has-text-align-center\">Dawid Baron<\/p>\n\n\n\n<p><\/p>\n\n\n\n<div style=\"height:5px\" aria-hidden=\"true\" class=\"wp-block-spacer\"><\/div>\n\n\n\n<p class=\"has-text-align-center\"><strong>Graphic Design<\/strong><\/p>\n\n\n\n<p class=\"has-text-align-center\">Oskar Wasilewski<\/p>\n<\/div>\n\n\n\n<div class=\"wp-block-column is-layout-flow wp-block-column-is-layout-flow\">\n<p class=\"has-text-align-center\"><strong>Committee Members<\/strong><\/p>\n\n\n\n<p class=\"has-text-align-center\">Dawid Pietruch<\/p>\n\n\n\n<p class=\"has-text-align-center\">Dawid Baron<\/p>\n\n\n\n<p class=\"has-text-align-center\">Piotr Mr\u00f3z<\/p>\n\n\n\n<p class=\"has-text-align-center\">Oskar Wasilewski<\/p>\n\n\n\n<p class=\"has-text-align-center\"><\/p>\n<\/div>\n\n\n\n<div class=\"wp-block-column is-layout-flow wp-block-column-is-layout-flow\">\n<p class=\"has-text-align-center\"><strong>Website<\/strong><\/p>\n\n\n\n<p class=\"has-text-align-center\">Dawid Pietruch<\/p>\n\n\n\n<p class=\"has-text-align-center\"><\/p>\n<\/div>\n<\/div>\n\n\n\n<p><\/p>","protected":false},"excerpt":{"rendered":"<p>Pe\u0142nomocnik Rektora ds. K\u00f3\u0142 Obszaru Czarnego AGHdr in\u017c. Pawe\u0142 Janowski Jestem adiunktem dydaktycznym w Zespole Obs\u0142ugi Dydaktyki Wydzia\u0142u Fizyki i Informatyki Stosowanej AGH w Krakowie. W 2020 r. zosta\u0142em Pe\u0142nomocnikiem Rektora ds. K\u00f3\u0142 Obszaru Czarnego. Do moich obowi\u0105zk\u00f3w dydaktycznych nale\u017cy prowadzenie zaj\u0119\u0107 audytoryjnych oraz laboratoryjnych z fizyki og\u00f3lnej. Ponadto opiekuj\u0119 [&hellip;]<\/p>\n","protected":false},"author":1,"featured_media":0,"parent":0,"menu_order":0,"comment_status":"closed","ping_status":"closed","template":"","meta":{"footnotes":""},"class_list":["post-46","page","type-page","status-publish","hentry"],"_links":{"self":[{"href":"https:\/\/skns.hoborskiego.agh.edu.pl\/en\/wp-json\/wp\/v2\/pages\/46","targetHints":{"allow":["GET"]}}],"collection":[{"href":"https:\/\/skns.hoborskiego.agh.edu.pl\/en\/wp-json\/wp\/v2\/pages"}],"about":[{"href":"https:\/\/skns.hoborskiego.agh.edu.pl\/en\/wp-json\/wp\/v2\/types\/page"}],"author":[{"embeddable":true,"href":"https:\/\/skns.hoborskiego.agh.edu.pl\/en\/wp-json\/wp\/v2\/users\/1"}],"replies":[{"embeddable":true,"href":"https:\/\/skns.hoborskiego.agh.edu.pl\/en\/wp-json\/wp\/v2\/comments?post=46"}],"version-history":[{"count":28,"href":"https:\/\/skns.hoborskiego.agh.edu.pl\/en\/wp-json\/wp\/v2\/pages\/46\/revisions"}],"predecessor-version":[{"id":727,"href":"https:\/\/skns.hoborskiego.agh.edu.pl\/en\/wp-json\/wp\/v2\/pages\/46\/revisions\/727"}],"wp:attachment":[{"href":"https:\/\/skns.hoborskiego.agh.edu.pl\/en\/wp-json\/wp\/v2\/media?parent=46"}],"curies":[{"name":"wp","href":"https:\/\/api.w.org\/{rel}","templated":true}]}}