{"id":47,"date":"2020-11-29T11:15:20","date_gmt":"2020-11-29T10:15:20","guid":{"rendered":"http:\/\/skns.hoborskiego.agh.edu.pl\/?page_id=47"},"modified":"2025-10-20T15:51:00","modified_gmt":"2025-10-20T13:51:00","slug":"kontakt","status":"publish","type":"page","link":"https:\/\/skns.hoborskiego.agh.edu.pl\/en\/kontakt\/","title":{"rendered":"Contact"},"content":{"rendered":"\n<p><\/p>\n\n\n<div class=\"wpforms-container wpforms-container-full wpforms-block wpforms-block-f513e1f6-c48d-421e-b673-b6d6c7c44c8e\" id=\"wpforms-102\"><form id=\"wpforms-form-102\" class=\"wpforms-validate wpforms-form\" data-formid=\"102\" method=\"post\" enctype=\"multipart\/form-data\" action=\"\/en\/wp-json\/wp\/v2\/pages\/47\" data-token=\"c66adb32d3cfe54f7ba3a58dafa484ad\" data-token-time=\"1778638985\"><noscript class=\"wpforms-error-noscript\">Please enable JavaScript in your browser to complete this form.<\/noscript><div class=\"wpforms-field-container\"><div id=\"wpforms-102-field_0-container\" class=\"wpforms-field wpforms-field-name\" data-field-id=\"0\"><label class=\"wpforms-field-label\" for=\"wpforms-102-field_0\">Imi\u0119 i Nazwisko <span class=\"wpforms-required-label\">*<\/span><\/label><input type=\"text\" id=\"wpforms-102-field_0\" class=\"wpforms-field-medium wpforms-field-required\" name=\"wpforms[fields][0]\" required><\/div><div id=\"wpforms-102-field_1-container\" class=\"wpforms-field wpforms-field-email\" data-field-id=\"1\"><label class=\"wpforms-field-label\" for=\"wpforms-102-field_1\">Email <span class=\"wpforms-required-label\">*<\/span><\/label><input type=\"email\" id=\"wpforms-102-field_1\" class=\"wpforms-field-medium wpforms-field-required\" name=\"wpforms[fields][1]\" spellcheck=\"false\" required><\/div><div id=\"wpforms-102-field_2-container\" class=\"wpforms-field wpforms-field-textarea\" data-field-id=\"2\"><label class=\"wpforms-field-label\" for=\"wpforms-102-field_2\">Tre\u015b\u0107 wiadomo\u015bci <span class=\"wpforms-required-label\">*<\/span><\/label><textarea id=\"wpforms-102-field_2\" class=\"wpforms-field-medium wpforms-field-required\" name=\"wpforms[fields][2]\" required><\/textarea><\/div><\/div><!-- .wpforms-field-container --><div class=\"wpforms-submit-container\" ><input type=\"hidden\" name=\"wpforms[id]\" value=\"102\"><input type=\"hidden\" name=\"page_title\" value=\"\"><input type=\"hidden\" name=\"page_url\" value=\"https:\/\/skns.hoborskiego.agh.edu.pl\/en\/wp-json\/wp\/v2\/pages\/47\"><input type=\"hidden\" name=\"url_referer\" value=\"\"><button type=\"submit\" name=\"wpforms[submit]\" id=\"wpforms-submit-102\" class=\"wpforms-submit\" data-alt-text=\"Sending...\" data-submit-text=\"Submit\" aria-live=\"assertive\" value=\"wpforms-submit\">Submit<\/button><\/div><\/form><\/div>  <!-- .wpforms-container -->\n\n\n<p><strong>E-mail<\/strong><br>hobokonf@agh.edu.pl<\/p>\n\n\n\n<p><strong>Adres<\/strong><br>Wydzia\u0142 Fizyki i Informatyki Stosowanej<br>Reymonta 19, 30-059 Krak\u00f3w<\/p>\n\n\n\n<p><a rel=\"noreferrer noopener\" href=\"https:\/\/www.facebook.com\/Studencka-Konferencja-Nauk-\u015acis\u0142ych-102421368041279\" target=\"_blank\">https:\/\/www.facebook.com\/Studencka-Konferencja-Nauk-\u015acis\u0142ych-102421368041279<\/a><\/p>\n\n\n\n<p><a rel=\"noreferrer noopener\" href=\"http:\/\/www.dni-hoborskiego.agh.edu.pl\/kontakt\/\" target=\"_blank\">http:\/\/www.dni-hoborskiego.agh.edu.pl\/kontakt\/<\/a><\/p>\n\n\n\n<p><\/p>\n\n\n\n<h2 class=\"wp-block-heading\">Regulamin:<\/h2>\n\n\n\n<div data-wp-interactive=\"core\/file\" class=\"wp-block-file\"><object data-wp-bind--hidden=\"!state.hasPdfPreview\" hidden class=\"wp-block-file__embed\" data=\"https:\/\/skns.hoborskiego.agh.edu.pl\/wp-content\/uploads\/2025\/10\/Regulamin-SKNS-2025-2.pdf\" type=\"application\/pdf\" style=\"width:100%;height:600px\" aria-label=\"Embed of Regulamin-SKNS-2025.\"><\/object><a id=\"wp-block-file--media-58a31cbe-a3ca-43ac-95e0-fe15a095b264\" href=\"https:\/\/skns.hoborskiego.agh.edu.pl\/wp-content\/uploads\/2025\/10\/Regulamin-SKNS-2025-2.pdf\">Regulamin-SKNS-2025<\/a><a href=\"https:\/\/skns.hoborskiego.agh.edu.pl\/wp-content\/uploads\/2025\/10\/Regulamin-SKNS-2025-2.pdf\" class=\"wp-block-file__button wp-element-button\" download aria-describedby=\"wp-block-file--media-58a31cbe-a3ca-43ac-95e0-fe15a095b264\">Pobierz<\/a><\/div>\n","protected":false},"excerpt":{"rendered":"<p>E-mailhobokonf@agh.edu.pl AdresWydzia\u0142 Fizyki i Informatyki StosowanejReymonta 19, 30-059 Krak\u00f3w https:\/\/www.facebook.com\/Studencka-Konferencja-Nauk-\u015acis\u0142ych-102421368041279 http:\/\/www.dni-hoborskiego.agh.edu.pl\/kontakt\/ Regulamin:<\/p>","protected":false},"author":1,"featured_media":0,"parent":0,"menu_order":0,"comment_status":"closed","ping_status":"closed","template":"","meta":{"footnotes":""},"class_list":["post-47","page","type-page","status-publish","hentry"],"_links":{"self":[{"href":"https:\/\/skns.hoborskiego.agh.edu.pl\/en\/wp-json\/wp\/v2\/pages\/47","targetHints":{"allow":["GET"]}}],"collection":[{"href":"https:\/\/skns.hoborskiego.agh.edu.pl\/en\/wp-json\/wp\/v2\/pages"}],"about":[{"href":"https:\/\/skns.hoborskiego.agh.edu.pl\/en\/wp-json\/wp\/v2\/types\/page"}],"author":[{"embeddable":true,"href":"https:\/\/skns.hoborskiego.agh.edu.pl\/en\/wp-json\/wp\/v2\/users\/1"}],"replies":[{"embeddable":true,"href":"https:\/\/skns.hoborskiego.agh.edu.pl\/en\/wp-json\/wp\/v2\/comments?post=47"}],"version-history":[{"count":15,"href":"https:\/\/skns.hoborskiego.agh.edu.pl\/en\/wp-json\/wp\/v2\/pages\/47\/revisions"}],"predecessor-version":[{"id":664,"href":"https:\/\/skns.hoborskiego.agh.edu.pl\/en\/wp-json\/wp\/v2\/pages\/47\/revisions\/664"}],"wp:attachment":[{"href":"https:\/\/skns.hoborskiego.agh.edu.pl\/en\/wp-json\/wp\/v2\/media?parent=47"}],"curies":[{"name":"wp","href":"https:\/\/api.w.org\/{rel}","templated":true}]}}