{"id":596,"date":"2024-10-14T15:09:28","date_gmt":"2024-10-14T13:09:28","guid":{"rendered":"http:\/\/skns.hoborskiego.agh.edu.pl\/?page_id=596"},"modified":"2024-10-15T15:25:39","modified_gmt":"2024-10-15T13:25:39","slug":"vii-skns-2023","status":"publish","type":"page","link":"https:\/\/skns.hoborskiego.agh.edu.pl\/en\/vii-skns-2023\/","title":{"rendered":"VI SKNS 2023"},"content":{"rendered":"<h2 class=\"has-text-align-center wp-block-heading\">Zeszyt abstrakt\u00f3w VI Studenckiej Konferencji Nauk \u015acis\u0142ych<\/h2>\n\n\n\n<div data-wp-interactive=\"core\/file\" class=\"wp-block-file\"><object data-wp-bind--hidden=\"!state.hasPdfPreview\" hidden class=\"wp-block-file__embed\" data=\"http:\/\/skns.hoborskiego.agh.edu.pl\/wp-content\/uploads\/2024\/10\/Abstrakty_VI_SKNS.pdf\" type=\"application\/pdf\" style=\"width:100%;height:600px\" aria-label=\"Embed of Osadzone z Abstrakty_VI_SKNS..\"><\/object><a id=\"wp-block-file--media-a5938cfd-49f2-4156-b320-137bb1270a70\" href=\"http:\/\/skns.hoborskiego.agh.edu.pl\/wp-content\/uploads\/2024\/10\/Abstrakty_VI_SKNS.pdf\">Abstrakty_VI_SKNS<\/a><a href=\"http:\/\/skns.hoborskiego.agh.edu.pl\/wp-content\/uploads\/2024\/10\/Abstrakty_VI_SKNS.pdf\" class=\"wp-block-file__button\" download aria-describedby=\"wp-block-file--media-a5938cfd-49f2-4156-b320-137bb1270a70\">Download<\/a><\/div>\n\n\n\n<h2 class=\"has-text-align-center wp-block-heading\">Harmonogram VI Studenckiej Konferencji Nauk \u015acis\u0142ych<\/h2>\n\n\n\n<div data-wp-interactive=\"core\/file\" class=\"wp-block-file\"><object data-wp-bind--hidden=\"!state.hasPdfPreview\" hidden class=\"wp-block-file__embed\" data=\"http:\/\/skns.hoborskiego.agh.edu.pl\/wp-content\/uploads\/2024\/10\/Harmonogram-VI-SNKS.pdf\" type=\"application\/pdf\" style=\"width:100%;height:600px\" aria-label=\"Embed of Osadzone z Harmonogram-VI-SNKS..\"><\/object><a id=\"wp-block-file--media-0ebe389b-9ad8-4554-b1c4-4ff5724e59c2\" href=\"http:\/\/skns.hoborskiego.agh.edu.pl\/wp-content\/uploads\/2024\/10\/Harmonogram-VI-SNKS.pdf\">Harmonogram-VI-SNKS<\/a><a href=\"http:\/\/skns.hoborskiego.agh.edu.pl\/wp-content\/uploads\/2024\/10\/Harmonogram-VI-SNKS.pdf\" class=\"wp-block-file__button\" download aria-describedby=\"wp-block-file--media-0ebe389b-9ad8-4554-b1c4-4ff5724e59c2\">Download<\/a><\/div>\n\n\n\n<h2 class=\"has-text-align-center wp-block-heading\">Galeria <\/h2>\n\n\n\n<p class=\"has-text-align-center\"><a href=\"https:\/\/aghedupl-my.sharepoint.com\/:f:\/g\/personal\/pietruch_agh_edu_pl\/EodpnuO80Z1HjzXnPp2WicgBlMekcp7HH7mz6OciIoP_CQ?e=1CYkRs\" target=\"_blank\" rel=\"noreferrer noopener\">VI_SKN\u015a<\/a><\/p>","protected":false},"excerpt":{"rendered":"<p>Zeszyt abstrakt\u00f3w VI Studenckiej Konferencji Nauk \u015acis\u0142ych Harmonogram VI Studenckiej Konferencji Nauk \u015acis\u0142ych Galeria VI_SKN\u015a<\/p>","protected":false},"author":1,"featured_media":0,"parent":0,"menu_order":0,"comment_status":"closed","ping_status":"closed","template":"","meta":{"footnotes":""},"class_list":["post-596","page","type-page","status-publish","hentry"],"_links":{"self":[{"href":"https:\/\/skns.hoborskiego.agh.edu.pl\/en\/wp-json\/wp\/v2\/pages\/596","targetHints":{"allow":["GET"]}}],"collection":[{"href":"https:\/\/skns.hoborskiego.agh.edu.pl\/en\/wp-json\/wp\/v2\/pages"}],"about":[{"href":"https:\/\/skns.hoborskiego.agh.edu.pl\/en\/wp-json\/wp\/v2\/types\/page"}],"author":[{"embeddable":true,"href":"https:\/\/skns.hoborskiego.agh.edu.pl\/en\/wp-json\/wp\/v2\/users\/1"}],"replies":[{"embeddable":true,"href":"https:\/\/skns.hoborskiego.agh.edu.pl\/en\/wp-json\/wp\/v2\/comments?post=596"}],"version-history":[{"count":6,"href":"https:\/\/skns.hoborskiego.agh.edu.pl\/en\/wp-json\/wp\/v2\/pages\/596\/revisions"}],"predecessor-version":[{"id":611,"href":"https:\/\/skns.hoborskiego.agh.edu.pl\/en\/wp-json\/wp\/v2\/pages\/596\/revisions\/611"}],"wp:attachment":[{"href":"https:\/\/skns.hoborskiego.agh.edu.pl\/en\/wp-json\/wp\/v2\/media?parent=596"}],"curies":[{"name":"wp","href":"https:\/\/api.w.org\/{rel}","templated":true}]}}