{"id":625,"date":"2024-11-21T15:20:36","date_gmt":"2024-11-21T14:20:36","guid":{"rendered":"http:\/\/skns.hoborskiego.agh.edu.pl\/?page_id=625"},"modified":"2024-11-21T15:24:55","modified_gmt":"2024-11-21T14:24:55","slug":"vii-skns","status":"publish","type":"page","link":"https:\/\/skns.hoborskiego.agh.edu.pl\/en\/vii-skns\/","title":{"rendered":"VII SKNS 2024"},"content":{"rendered":"<h2 class=\"has-text-align-center wp-block-heading\">Galeria<\/h2>\n\n\n\n<p class=\"has-text-align-center\"><a href=\"https:\/\/aghedupl-my.sharepoint.com\/:f:\/g\/personal\/pietruch_agh_edu_pl\/ElIae7umSl1NkEOFEMC3vqIBKId5obfV4k2CBlWCe8jgJQ?e=LDVnAr\" target=\"_blank\" rel=\"noreferrer noopener\">VII SKN\u015a<\/a><\/p>\n\n\n\n<h2 class=\"has-text-align-center wp-block-heading\">Zeszyt Abstrakt\u00f3w <\/h2>\n\n\n\n<div data-wp-interactive=\"core\/file\" class=\"wp-block-file\"><object data-wp-bind--hidden=\"!state.hasPdfPreview\" hidden class=\"wp-block-file__embed\" data=\"http:\/\/skns.hoborskiego.agh.edu.pl\/wp-content\/uploads\/2024\/11\/Abstrakty_VII_SKNS_v2-1.pdf\" type=\"application\/pdf\" style=\"width:100%;height:600px\" aria-label=\"Embed of Osadzone z Abstrakty_VII_SKNS_v2-1..\"><\/object><a id=\"wp-block-file--media-615e1f57-5555-47db-aee5-78dae7e8a95e\" href=\"http:\/\/skns.hoborskiego.agh.edu.pl\/wp-content\/uploads\/2024\/11\/Abstrakty_VII_SKNS_v2-1.pdf\">Abstrakty_VII_SKNS_v2-1<\/a><a href=\"http:\/\/skns.hoborskiego.agh.edu.pl\/wp-content\/uploads\/2024\/11\/Abstrakty_VII_SKNS_v2-1.pdf\" class=\"wp-block-file__button\" download aria-describedby=\"wp-block-file--media-615e1f57-5555-47db-aee5-78dae7e8a95e\">Download<\/a><\/div>\n\n\n\n<h2 class=\"has-text-align-center wp-block-heading\">Lista laureat\u00f3w<\/h2>\n\n\n\n<style type=\"text\/css\">\n\ttable.tableizer-table {\n\t\tfont-size: 12px;\n\t\tborder: 1px solid #CCC; \n\t\tfont-family: Arial, Helvetica, sans-serif;\n\t} \n\t.tableizer-table td {\n\t\tpadding: 4px;\n\t\tmargin: 3px;\n\t\tborder: 1px solid #CCC;\n\t}\n\t.tableizer-table th {\n\t\tbackground-color: #104E8B; \n\t\tcolor: #FFF;\n\t\tfont-weight: bold;\n\t}\n<\/style>\n<table class=\"tableizer-table\">\n<thead><tr class=\"tableizer-firstrow\"><th>sekcja<\/th><th>miejsce<\/th><th>nr referatu<\/th><th>tytu\u0142 <\/th><th>autor\/rzy<\/th><th>ko\u0142o naukowe<\/th><\/tr><\/thead><tbody>\n <tr><td>In\u017cynierii Materia\u0142owej i Akustycznej<\/td><td>1<\/td><td>1.3<\/td><td>BioPrintLife &#8211; Biotusz z wykorzystaniem bakterii do Biodruku 3D<\/td><td>Oliwia Paj\u0105k, Julia Godzwon<\/td><td>Nucleus<\/td><\/tr>\n <tr><td>In\u017cynierii Materia\u0142owej i Akustycznej<\/td><td>2<\/td><td>1.1<\/td><td>Poprawa w\u0142asno\u015bci elektrochemicznych sta\u0142otlenkowych ogniw paliwowych z wykorzystaniem materia\u0142\u00f3w o ujemnym wsp\u00f3\u0142czynniku rozszerzalno\u015bci termicznej<\/td><td>Jakub Fudalewski<\/td><td>&#8211;<\/td><\/tr>\n <tr><td>In\u017cynierii Materia\u0142owej i Akustycznej<\/td><td>3<\/td><td>1.5<\/td><td>Czy wraz z rozwojem komputerowych metod symulacji wytrzyma\u0142o\u015bciowych metody analityczne odchodz\u0105 w zapomnienie?<\/td><td>Andrzej Lisowski<\/td><td>AGH Solar Boat<\/td><\/tr>\n <tr><td>Matematyczno-informatyczna<\/td><td>1<\/td><td>2.4<\/td><td>System detekcji obiekt\u00f3w dla autonomicznej jednostki p\u0142ywaj\u0105cej<\/td><td>Miko\u0142aj S\u0142owikowski, Szymon Nowak<\/td><td>AGH Solar Boat<\/td><\/tr>\n <tr><td>Matematyczno-informatyczna<\/td><td>2<\/td><td>2.3<\/td><td>(\u03c3,1)-pochodna i jej wybrane zastosowania<\/td><td>Maciej Tru\u015b<\/td><td>Matematyk\u00f3w AGH<\/td><\/tr>\n <tr><td>Matematyczno-informatyczna<\/td><td>3<\/td><td>2.5<\/td><td>Framework do modelowania symulacji system\u00f3w dyskretych<\/td><td>Antoni Zi\u0119ciak<\/td><td>Glider<\/td><\/tr>\n <tr><td>Biofizyki i Fizyki Medycznej<\/td><td>1<\/td><td>3.4<\/td><td>Weryfikacja wybranych soczewek okularowych pod k\u0105tem mo\u017cliwo\u015bci wykorzystania w dozymetrii retrospektywnej<\/td><td>Aleksandra Borkowska<\/td><td>Kerma<\/td><\/tr>\n <tr><td>Biofizyki i Fizyki Medycznej<\/td><td>2<\/td><td>3.2<\/td><td>Potencja\u0142 nagra\u0144 binauralnych w badaniach aktywacji fal m\u00f3zgowych<\/td><td>Klaudia Pi\u0105tek<\/td><td>In\u017cynierii Akustycznej<\/td><\/tr>\n <tr><td>Biofizyki i Fizyki Medycznej<\/td><td>3<\/td><td>3.1<\/td><td>Osteoblasty a hormeza: Rola niskich dawek promieniowania w funkcjonowaniu kom\u00f3rek ko\u015bciotw\u00f3rczych<\/td><td>Magdalena Kr\u00f3l, Kamil Kania<\/td><td>Bozon<\/td><\/tr>\n <tr><td>Biofizyki i Fizyki Medycznej<\/td><td>wyr\u00f3\u017cnienie<\/td><td>3.3<\/td><td>Spektroskopia fluorescencji rentgenowskiej ca\u0142kowitego odbicia, mikrospektroskopia w podczerwieni oraz Ramana w badaniach zmian pierwiastkowych i molekularnych osocza po podaniu SPION<\/td><td>Karolina \u0141akomy<\/td><td>Kerma<\/td><\/tr>\n <tr><td>Biofizyki i Fizyki Medycznej<\/td><td>wyr\u00f3\u017cnienie<\/td><td>3.5<\/td><td>Badania wp\u0142ywu mikroplastiku na kom\u00f3rki ludzkiego uk\u0142adu oddechowego. Wp\u0142yw cz\u0105stek polistyrenu na ekspresj\u0119 gen\u00f3w w fibroblastach p\u0142ucnych<\/td><td>Karolina Papacz<\/td><td>Kerma<\/td><\/tr>\n <tr><td>Astronomiczno-Fizyczna<\/td><td>1<\/td><td>4.7<\/td><td> Badanie wytrzyma\u0142o\u015bci b\u0142ony ba\u0144kowej dla r\u00f3\u017cnych roztwor\u00f3w w zale\u017cno\u015bci od czasu ich istnienia<\/td><td>Natalia Michalik, Szymon Florczyk, Urszula Kasprzyk<\/td><td>Bozon<\/td><\/tr>\n <tr><td>Astronomiczno-Fizyczna<\/td><td>2<\/td><td>4.1<\/td><td>How many beers a day keep the doctor away? O sk\u0142adzie pierwiastkowym piwa s\u0142\u00f3w kilka<\/td><td>Witold Rudzi\u0144ski<\/td><td>Bozon<\/td><\/tr>\n <tr><td>Astronomiczno-Fizyczna<\/td><td>3<\/td><td>4.3<\/td><td>Detektory pasywne z powierzchni\u0105 modyfikowan\u0105 nanocz\u0105stkami metali<\/td><td>Julia Potempa, Kacper Po\u0142uszejko<\/td><td>Hexa<\/td><\/tr>\n <tr><td>Astronomiczno-Fizyczna<\/td><td>wyr\u00f3\u017cnienie<\/td><td>4.5<\/td><td>Okre\u015blenie orbity komety C\/2023 A3 (Tsuchinshan-ATLAS) przy u\u017cyciu metody Gaussa<\/td><td>Natalia Michalik, Wiktor Sala<\/td><td>Bozon<\/td><\/tr>\n <tr><td>Techniczmo-Konstrukcyjna<\/td><td>1<\/td><td>5.3<\/td><td>Projekt obudowy zespo\u0142u nap\u0119dowego do solarnej \u0142odzi wy\u015bcigowej Delta<\/td><td>Kamil Zaj\u0105c<\/td><td>AGH Solar Boat<\/td><\/tr>\n <tr><td>Techniczmo-Konstrukcyjna<\/td><td>2<\/td><td>5.5<\/td><td>Przesy\u0142 energii przy u\u017cyciu NFC<\/td><td>Pawe\u0142 \u017buczek, Mateusz W\u00f3jcik<\/td><td>Bozon, AGH Space Systems<\/td><\/tr>\n <tr><td>Techniczmo-Konstrukcyjna<\/td><td>3<\/td><td>5.1<\/td><td>Ogniwa przeznaczone do pracy w niskich temperaturach. Post\u0119py i wyzwania w konstrukcji stanowiska pomiarowego i stworzenia elektrolitu<\/td><td>Daria Klimaszewska, Karol Grzywa, \u0141ukasz Pucha\u0142a<\/td><td>Bozon<\/td><\/tr>\n <tr><td>Techniczmo-Konstrukcyjna<\/td><td>wyr\u00f3\u017cnienie<\/td><td>5.6<\/td><td>Cewka Tesli SGTC i SSTC. R\u00f3\u017cnice i wyzwania konstrukcyjne<\/td><td>Maciej Pacholczak, Aniela Szczerba<\/td><td>Bozon<\/td><\/tr>\n <tr><td>Monitpring i ochrona \u015brodowiska<\/td><td>1<\/td><td>6.3<\/td><td>Ocena zawarto\u015bci radionuklid\u00f3w w mieszankach paszowych stosowanych w hodowli drobiu<\/td><td>Katarzyna Wichucka<\/td><td>&#8211;<\/td><\/tr>\n <tr><td>Monitpring i ochrona \u015brodowiska<\/td><td>2<\/td><td>6.4<\/td><td>Zastosowanie monolit\u00f3w w\u0119glowych produkowanych metod\u0105 druku 3D w technologii wychwytu CO2 z atmosfery (Direct Air Capture)<\/td><td>Ma\u0142gorzata Hasal<\/td><td>CarbON<\/td><\/tr>\n <tr><td>Monitpring i ochrona \u015brodowiska<\/td><td>3<\/td><td>6.5<\/td><td>Analiza emisji CH4 z jeziora polodowcowego na Islandii z wykorzystaniem autorskiej aplikacji<\/td><td>Piotr Mr\u00f3z, Dawid Baron<\/td><td>Bozon<\/td><\/tr>\n<\/tbody><\/table>","protected":false},"excerpt":{"rendered":"<p>Galeria VII SKN\u015a Zeszyt Abstrakt\u00f3w Lista laureat\u00f3w sekcja miejsce nr referatu tytu\u0142 autor\/rzy ko\u0142o naukowe In\u017cynierii Materia\u0142owej i Akustycznej 1 1.3 BioPrintLife &#8211; Biotusz z wykorzystaniem bakterii do Biodruku 3D Oliwia Paj\u0105k, Julia Godzwon Nucleus In\u017cynierii Materia\u0142owej i Akustycznej 2 1.1 Poprawa w\u0142asno\u015bci elektrochemicznych sta\u0142otlenkowych ogniw paliwowych z wykorzystaniem materia\u0142\u00f3w [&hellip;]<\/p>\n","protected":false},"author":1,"featured_media":0,"parent":0,"menu_order":0,"comment_status":"closed","ping_status":"closed","template":"","meta":{"footnotes":""},"class_list":["post-625","page","type-page","status-publish","hentry"],"_links":{"self":[{"href":"https:\/\/skns.hoborskiego.agh.edu.pl\/en\/wp-json\/wp\/v2\/pages\/625","targetHints":{"allow":["GET"]}}],"collection":[{"href":"https:\/\/skns.hoborskiego.agh.edu.pl\/en\/wp-json\/wp\/v2\/pages"}],"about":[{"href":"https:\/\/skns.hoborskiego.agh.edu.pl\/en\/wp-json\/wp\/v2\/types\/page"}],"author":[{"embeddable":true,"href":"https:\/\/skns.hoborskiego.agh.edu.pl\/en\/wp-json\/wp\/v2\/users\/1"}],"replies":[{"embeddable":true,"href":"https:\/\/skns.hoborskiego.agh.edu.pl\/en\/wp-json\/wp\/v2\/comments?post=625"}],"version-history":[{"count":2,"href":"https:\/\/skns.hoborskiego.agh.edu.pl\/en\/wp-json\/wp\/v2\/pages\/625\/revisions"}],"predecessor-version":[{"id":630,"href":"https:\/\/skns.hoborskiego.agh.edu.pl\/en\/wp-json\/wp\/v2\/pages\/625\/revisions\/630"}],"wp:attachment":[{"href":"https:\/\/skns.hoborskiego.agh.edu.pl\/en\/wp-json\/wp\/v2\/media?parent=625"}],"curies":[{"name":"wp","href":"https:\/\/api.w.org\/{rel}","templated":true}]}}