{"id":717,"date":"2025-11-16T19:53:17","date_gmt":"2025-11-16T18:53:17","guid":{"rendered":"https:\/\/skns.hoborskiego.agh.edu.pl\/?page_id=717"},"modified":"2025-11-16T23:01:48","modified_gmt":"2025-11-16T22:01:48","slug":"patroni","status":"publish","type":"page","link":"https:\/\/skns.hoborskiego.agh.edu.pl\/en\/patroni\/","title":{"rendered":"Partnerzy"},"content":{"rendered":"<figure class=\"wp-block-image is-resized\"><img loading=\"lazy\" decoding=\"async\" width=\"800\" height=\"539\" src=\"http:\/\/skns.hoborskiego.agh.edu.pl\/wp-content\/uploads\/2025\/11\/o10.jpg\" alt=\"\" class=\"wp-image-699\" style=\"width:218px;height:auto\" srcset=\"https:\/\/skns.hoborskiego.agh.edu.pl\/wp-content\/uploads\/2025\/11\/o10.jpg 800w, https:\/\/skns.hoborskiego.agh.edu.pl\/wp-content\/uploads\/2025\/11\/o10-300x202.jpg 300w, https:\/\/skns.hoborskiego.agh.edu.pl\/wp-content\/uploads\/2025\/11\/o10-768x517.jpg 768w, https:\/\/skns.hoborskiego.agh.edu.pl\/wp-content\/uploads\/2025\/11\/o10-18x12.jpg 18w\" sizes=\"auto, (max-width: 800px) 100vw, 800px\" \/><\/figure>\n\n\n\n<p class=\"has-text-align-justify has-text-align-justify\">Piekarnia Bartosz ju\u017c od lat funkcjonuje na rynku krakowskich wypiek\u00f3w dostarczaj\u0105c codziennie wiele r\u00f3\u017cnych i przepysznych gatunk\u00f3w pieczywa, w tym obwarzank\u00f3w, do najrozmaitszych zak\u0105tk\u00f3w miasta i nie tylko. Dzi\u0119ki wielopokoleniowej tradycji, rzetelno\u015bci oraz uczciwo\u015bci wypieki piekarni stoj\u0105 na najwy\u017cej jako\u015bci, tak pod wzgl\u0119dem produkcji jak i smaku.\u00a0<\/p>\n\n\n\n<figure class=\"wp-block-image size-large is-resized\"><img loading=\"lazy\" decoding=\"async\" width=\"1024\" height=\"640\" src=\"http:\/\/skns.hoborskiego.agh.edu.pl\/wp-content\/uploads\/2025\/11\/Arcelormittal-Logo-1024x640.png\" alt=\"\" class=\"wp-image-703\" style=\"width:231px;height:auto\" srcset=\"https:\/\/skns.hoborskiego.agh.edu.pl\/wp-content\/uploads\/2025\/11\/Arcelormittal-Logo-1024x640.png 1024w, https:\/\/skns.hoborskiego.agh.edu.pl\/wp-content\/uploads\/2025\/11\/Arcelormittal-Logo-300x188.png 300w, https:\/\/skns.hoborskiego.agh.edu.pl\/wp-content\/uploads\/2025\/11\/Arcelormittal-Logo-768x480.png 768w, https:\/\/skns.hoborskiego.agh.edu.pl\/wp-content\/uploads\/2025\/11\/Arcelormittal-Logo-1536x960.png 1536w, https:\/\/skns.hoborskiego.agh.edu.pl\/wp-content\/uploads\/2025\/11\/Arcelormittal-Logo-2048x1280.png 2048w, https:\/\/skns.hoborskiego.agh.edu.pl\/wp-content\/uploads\/2025\/11\/Arcelormittal-Logo-18x12.png 18w\" sizes=\"auto, (max-width: 1024px) 100vw, 1024px\" \/><\/figure>\n\n\n\n<p class=\"has-text-align-justify has-text-align-justify\">ArcelorMittal&nbsp;jest najwi\u0119kszym i najnowocze\u015bniejszym producentem stali w Polsce oraz najwi\u0119kszym producentem koksu w Europie. Nie tylko zmieni\u0142 polskie hutnictwo, ale r\u00f3wnie\u017c zmodernizowa\u0142 procesy produkcyjne. By m\u00f3c dalej si\u0119 rozwija\u0107 firma zapewnia rozmaite szkolenia dla swoich pracownik\u00f3w oraz sta\u017ce i praktyki dla student\u00f3w i absolwent\u00f3w szk\u00f3\u0142 wy\u017cszych umo\u017cliwiaj\u0105c rozw\u00f3j kariery.&nbsp;&nbsp;<\/p>\n\n\n\n<figure class=\"wp-block-image size-large is-resized\"><img loading=\"lazy\" decoding=\"async\" width=\"1024\" height=\"340\" src=\"http:\/\/skns.hoborskiego.agh.edu.pl\/wp-content\/uploads\/2025\/11\/white_rgb-1024x340.jpg\" alt=\"\" class=\"wp-image-704\" style=\"width:234px;height:auto\" srcset=\"https:\/\/skns.hoborskiego.agh.edu.pl\/wp-content\/uploads\/2025\/11\/white_rgb-1024x340.jpg 1024w, https:\/\/skns.hoborskiego.agh.edu.pl\/wp-content\/uploads\/2025\/11\/white_rgb-300x100.jpg 300w, https:\/\/skns.hoborskiego.agh.edu.pl\/wp-content\/uploads\/2025\/11\/white_rgb-768x255.jpg 768w, https:\/\/skns.hoborskiego.agh.edu.pl\/wp-content\/uploads\/2025\/11\/white_rgb-1536x511.jpg 1536w, https:\/\/skns.hoborskiego.agh.edu.pl\/wp-content\/uploads\/2025\/11\/white_rgb-2048x681.jpg 2048w, https:\/\/skns.hoborskiego.agh.edu.pl\/wp-content\/uploads\/2025\/11\/white_rgb-18x6.jpg 18w\" sizes=\"auto, (max-width: 1024px) 100vw, 1024px\" \/><\/figure>\n\n\n\n<p class=\"has-text-align-justify has-text-align-justify\">Helion jest polskim wydawnictwem&nbsp;specjalizuj\u0105cym&nbsp;si\u0119 w literaturze informatycznej i oko\u0142otechnicznej. Od lat pomaga rozwija\u0107 czytelnikom zar\u00f3wno w \u015bcie\u017cce zawodowej oraz hobbystycznej. Budowanie stron internetowych, programowanie w danym j\u0119zyku, tworzenie gier czy animacji? Wszystkie te umiej\u0119tno\u015bci mo\u017cna nauczy\u0107 si\u0119 korzystaj\u0105c z podr\u0119cznik\u00f3w, ebook\u00f3w i audiobook\u00f3w dost\u0119pnych za po\u015brednictwem wydawnictwa Helion.&nbsp;<\/p>\n\n\n\n<figure class=\"wp-block-image size-large is-resized\"><img loading=\"lazy\" decoding=\"async\" width=\"1024\" height=\"724\" src=\"http:\/\/skns.hoborskiego.agh.edu.pl\/wp-content\/uploads\/2025\/11\/log-1024x724.png\" alt=\"\" class=\"wp-image-696\" style=\"width:246px;height:auto\" srcset=\"https:\/\/skns.hoborskiego.agh.edu.pl\/wp-content\/uploads\/2025\/11\/log-1024x724.png 1024w, https:\/\/skns.hoborskiego.agh.edu.pl\/wp-content\/uploads\/2025\/11\/log-300x212.png 300w, https:\/\/skns.hoborskiego.agh.edu.pl\/wp-content\/uploads\/2025\/11\/log-768x543.png 768w, https:\/\/skns.hoborskiego.agh.edu.pl\/wp-content\/uploads\/2025\/11\/log-1536x1086.png 1536w, https:\/\/skns.hoborskiego.agh.edu.pl\/wp-content\/uploads\/2025\/11\/log-2048x1448.png 2048w, https:\/\/skns.hoborskiego.agh.edu.pl\/wp-content\/uploads\/2025\/11\/log-18x12.png 18w\" sizes=\"auto, (max-width: 1024px) 100vw, 1024px\" \/><\/figure>\n\n\n\n<p class=\"has-text-align-justify has-text-align-justify\">PSSF &#8211; Polskie Stowarzyszenie Student\u00f3w Fizyki to organizacja&nbsp;zrzeszaj\u0105c\u0105&nbsp;student\u00f3w i doktorant\u00f3w fizyki, b\u0105d\u017a kierunk\u00f3w pokrewnych, z siedzib\u0105 w Krakowie. Dzia\u0142aj\u0105c od 2018, jej misj\u0105 jest integrowanie \u015brodowiska m\u0142odych fizyk\u00f3w, wspieranie ich rozwoju naukowego oraz popularyzacja fizyki poprzez organizacje konferencji i wydarze\u0144 popularnonaukowych. PSSF pe\u0142ni tak\u017ce rol\u0119 polskiego komitetu narodowego International&nbsp;Association&nbsp;of&nbsp;Physics&nbsp;Student (IAPS), dzi\u0119ki czemu cz\u0142onkowie maj\u0105 dost\u0119p do mi\u0119dzynarodowych projekt\u00f3w, takich jak ICPS czy PLANCKS.&nbsp;<\/p>\n\n\n\n<figure class=\"wp-block-image size-large is-resized\"><img loading=\"lazy\" decoding=\"async\" width=\"1024\" height=\"931\" src=\"http:\/\/skns.hoborskiego.agh.edu.pl\/wp-content\/uploads\/2025\/11\/LOGO-wersja-podstawowa-300dpi-RGB-2-1024x931.jpg\" alt=\"\" class=\"wp-image-707\" style=\"width:236px;height:auto\" srcset=\"https:\/\/skns.hoborskiego.agh.edu.pl\/wp-content\/uploads\/2025\/11\/LOGO-wersja-podstawowa-300dpi-RGB-2-1024x931.jpg 1024w, https:\/\/skns.hoborskiego.agh.edu.pl\/wp-content\/uploads\/2025\/11\/LOGO-wersja-podstawowa-300dpi-RGB-2-300x273.jpg 300w, https:\/\/skns.hoborskiego.agh.edu.pl\/wp-content\/uploads\/2025\/11\/LOGO-wersja-podstawowa-300dpi-RGB-2-768x698.jpg 768w, https:\/\/skns.hoborskiego.agh.edu.pl\/wp-content\/uploads\/2025\/11\/LOGO-wersja-podstawowa-300dpi-RGB-2-1536x1396.jpg 1536w, https:\/\/skns.hoborskiego.agh.edu.pl\/wp-content\/uploads\/2025\/11\/LOGO-wersja-podstawowa-300dpi-RGB-2-2048x1861.jpg 2048w, https:\/\/skns.hoborskiego.agh.edu.pl\/wp-content\/uploads\/2025\/11\/LOGO-wersja-podstawowa-300dpi-RGB-2-13x12.jpg 13w\" sizes=\"auto, (max-width: 1024px) 100vw, 1024px\" \/><\/figure>\n\n\n\n<p class=\"has-text-align-justify has-text-align-justify\">PREVAC to globalna firma zajmuj\u0105ca si\u0119 tworzeniem zaawansowanej technologii pr\u00f3\u017cniowej zar\u00f3wno dla nauki jak i przemys\u0142u. \u015awiatowy lider odpowiedzialny za tworzenie system\u00f3w pracuj\u0105cych w \u015brodowisku wysokiej i ultra wysokiej pr\u00f3\u017cni. Profesjonalizm i kreatywno\u015b\u0107 zostaje z nimi na ka\u017cdym etapie tworzenia projektu. Klienci mog\u0105 liczy\u0107 na niezawodn\u0105 komunikacj\u0119, nieziemsk\u0105 dok\u0142adno\u015b\u0107 oraz pe\u0142ne wsparcie od wykwalifikowanych specjalist\u00f3w.&nbsp;<\/p>\n\n\n\n<figure class=\"wp-block-image size-large is-resized\"><img loading=\"lazy\" decoding=\"async\" width=\"1024\" height=\"391\" src=\"http:\/\/skns.hoborskiego.agh.edu.pl\/wp-content\/uploads\/2025\/11\/Printworystopka-1024x391.png\" alt=\"\" class=\"wp-image-695\" style=\"width:231px;height:auto\" srcset=\"https:\/\/skns.hoborskiego.agh.edu.pl\/wp-content\/uploads\/2025\/11\/Printworystopka-1024x391.png 1024w, https:\/\/skns.hoborskiego.agh.edu.pl\/wp-content\/uploads\/2025\/11\/Printworystopka-300x114.png 300w, https:\/\/skns.hoborskiego.agh.edu.pl\/wp-content\/uploads\/2025\/11\/Printworystopka-768x293.png 768w, https:\/\/skns.hoborskiego.agh.edu.pl\/wp-content\/uploads\/2025\/11\/Printworystopka-1536x586.png 1536w, https:\/\/skns.hoborskiego.agh.edu.pl\/wp-content\/uploads\/2025\/11\/Printworystopka-2048x782.png 2048w, https:\/\/skns.hoborskiego.agh.edu.pl\/wp-content\/uploads\/2025\/11\/Printworystopka-18x7.png 18w\" sizes=\"auto, (max-width: 1024px) 100vw, 1024px\" \/><\/figure>\n\n\n\n<p class=\"has-text-align-justify has-text-align-justify\">Printwory&nbsp;to krakowska ekipa zajmuj\u0105ca si\u0119 tworzeniem personalizowanych ubra\u0144 i akcesori\u00f3w. Bluzy, koszulki, torby i gad\u017cety im nie straszne. Hafty i nadruki to ich specjalno\u015b\u0107, a jako\u015b\u0107 i pasja do pracy s\u0105 ich znakiem rozpoznawczym. Wsp\u00f3\u0142pracuj\u0105 z organizacjami studenckimi oraz harcerskimi, a tak\u017ce wspieraj\u0105 r\u00f3\u017cnego rodzaju wydarzenia i inicjatywy.&nbsp;<\/p>","protected":false},"excerpt":{"rendered":"<p>Piekarnia Bartosz ju\u017c od lat funkcjonuje na rynku krakowskich wypiek\u00f3w dostarczaj\u0105c codziennie wiele r\u00f3\u017cnych i przepysznych gatunk\u00f3w pieczywa, w tym obwarzank\u00f3w, do najrozmaitszych zak\u0105tk\u00f3w miasta i nie tylko. Dzi\u0119ki wielopokoleniowej tradycji, rzetelno\u015bci oraz uczciwo\u015bci wypieki piekarni stoj\u0105 na najwy\u017cej jako\u015bci, tak pod wzgl\u0119dem produkcji jak i smaku.\u00a0 ArcelorMittal&nbsp;jest najwi\u0119kszym i [&hellip;]<\/p>\n","protected":false},"author":1,"featured_media":0,"parent":0,"menu_order":0,"comment_status":"closed","ping_status":"closed","template":"","meta":{"footnotes":""},"class_list":["post-717","page","type-page","status-publish","hentry"],"_links":{"self":[{"href":"https:\/\/skns.hoborskiego.agh.edu.pl\/en\/wp-json\/wp\/v2\/pages\/717","targetHints":{"allow":["GET"]}}],"collection":[{"href":"https:\/\/skns.hoborskiego.agh.edu.pl\/en\/wp-json\/wp\/v2\/pages"}],"about":[{"href":"https:\/\/skns.hoborskiego.agh.edu.pl\/en\/wp-json\/wp\/v2\/types\/page"}],"author":[{"embeddable":true,"href":"https:\/\/skns.hoborskiego.agh.edu.pl\/en\/wp-json\/wp\/v2\/users\/1"}],"replies":[{"embeddable":true,"href":"https:\/\/skns.hoborskiego.agh.edu.pl\/en\/wp-json\/wp\/v2\/comments?post=717"}],"version-history":[{"count":4,"href":"https:\/\/skns.hoborskiego.agh.edu.pl\/en\/wp-json\/wp\/v2\/pages\/717\/revisions"}],"predecessor-version":[{"id":722,"href":"https:\/\/skns.hoborskiego.agh.edu.pl\/en\/wp-json\/wp\/v2\/pages\/717\/revisions\/722"}],"wp:attachment":[{"href":"https:\/\/skns.hoborskiego.agh.edu.pl\/en\/wp-json\/wp\/v2\/media?parent=717"}],"curies":[{"name":"wp","href":"https:\/\/api.w.org\/{rel}","templated":true}]}}