{"id":83,"date":"2020-11-29T11:19:21","date_gmt":"2020-11-29T10:19:21","guid":{"rendered":"http:\/\/skns.hoborskiego.agh.edu.pl\/?page_id=83"},"modified":"2025-11-10T11:52:23","modified_gmt":"2025-11-10T10:52:23","slug":"zapisy","status":"publish","type":"page","link":"https:\/\/skns.hoborskiego.agh.edu.pl\/en\/zapisy\/","title":{"rendered":"Enrolment"},"content":{"rendered":"<h3 class=\"wp-block-heading has-text-align-center\">Zapisy na VII Studenck\u0105 Konferencj\u0119 Nauk \u015acis\u0142ych<\/h3>\n\n\n\n<p class=\"has-text-align-center\">ZAPISY PRZED\u0141U\u017bONE<\/p>\n\n\n\n<h3 class=\"wp-block-heading has-text-align-center\">formularz otwarty do 12.11.2025<\/h3>\n\n\n\n<div class=\"wp-block-group\"><div class=\"wp-block-group__inner-container is-layout-flow wp-block-group-is-layout-flow\">\n<p class=\"has-text-align-center\">Formularz zg\u0142oszeniowy: <a href=\"https:\/\/forms.office.com\/e\/Uufwjt2Cj3\">https:\/\/forms.office.com\/e\/Uufwjt2Cj3<\/a><\/p>\n\n\n\n<p><\/p>\n\n\n\n<p><\/p>\n\n\n\n<h4 class=\"wp-block-heading\">Regulamin<\/h4>\n\n\n\n<div class=\"wp-block-group\"><div class=\"wp-block-group__inner-container is-layout-constrained wp-block-group-is-layout-constrained\">\n<details class=\"wp-block-details is-layout-flow wp-block-details-is-layout-flow\"><summary><\/summary>\n<p><\/p>\n<\/details>\n<\/div><\/div>\n<\/div><\/div>\n\n\n\n<div data-wp-interactive=\"core\/file\" class=\"wp-block-file\"><object data-wp-bind--hidden=\"!state.hasPdfPreview\" hidden class=\"wp-block-file__embed\" data=\"https:\/\/skns.hoborskiego.agh.edu.pl\/wp-content\/uploads\/2025\/10\/Regulamin-SKNS-2025-1.pdf\" type=\"application\/pdf\" style=\"width:100%;height:600px\" aria-label=\"Embed of Regulamin-SKNS-2025.\"><\/object><a id=\"wp-block-file--media-057776b4-f166-423a-82e2-4b5113664e7c\" href=\"https:\/\/skns.hoborskiego.agh.edu.pl\/wp-content\/uploads\/2025\/10\/Regulamin-SKNS-2025-1.pdf\">Regulamin-SKNS-2025<\/a><a href=\"https:\/\/skns.hoborskiego.agh.edu.pl\/wp-content\/uploads\/2025\/10\/Regulamin-SKNS-2025-1.pdf\" class=\"wp-block-file__button wp-element-button\" download aria-describedby=\"wp-block-file--media-057776b4-f166-423a-82e2-4b5113664e7c\">Download<\/a><\/div>","protected":false},"excerpt":{"rendered":"<p>Zapisy na VII Studenck\u0105 Konferencj\u0119 Nauk \u015acis\u0142ych ZAPISY PRZED\u0141U\u017bONE formularz otwarty do 12.11.2025 Formularz zg\u0142oszeniowy: https:\/\/forms.office.com\/e\/Uufwjt2Cj3 Regulamin<\/p>","protected":false},"author":1,"featured_media":0,"parent":0,"menu_order":0,"comment_status":"closed","ping_status":"closed","template":"","meta":{"footnotes":""},"class_list":["post-83","page","type-page","status-publish","hentry"],"_links":{"self":[{"href":"https:\/\/skns.hoborskiego.agh.edu.pl\/en\/wp-json\/wp\/v2\/pages\/83","targetHints":{"allow":["GET"]}}],"collection":[{"href":"https:\/\/skns.hoborskiego.agh.edu.pl\/en\/wp-json\/wp\/v2\/pages"}],"about":[{"href":"https:\/\/skns.hoborskiego.agh.edu.pl\/en\/wp-json\/wp\/v2\/types\/page"}],"author":[{"embeddable":true,"href":"https:\/\/skns.hoborskiego.agh.edu.pl\/en\/wp-json\/wp\/v2\/users\/1"}],"replies":[{"embeddable":true,"href":"https:\/\/skns.hoborskiego.agh.edu.pl\/en\/wp-json\/wp\/v2\/comments?post=83"}],"version-history":[{"count":31,"href":"https:\/\/skns.hoborskiego.agh.edu.pl\/en\/wp-json\/wp\/v2\/pages\/83\/revisions"}],"predecessor-version":[{"id":690,"href":"https:\/\/skns.hoborskiego.agh.edu.pl\/en\/wp-json\/wp\/v2\/pages\/83\/revisions\/690"}],"wp:attachment":[{"href":"https:\/\/skns.hoborskiego.agh.edu.pl\/en\/wp-json\/wp\/v2\/media?parent=83"}],"curies":[{"name":"wp","href":"https:\/\/api.w.org\/{rel}","templated":true}]}}