{"id":88,"date":"2020-11-29T11:20:46","date_gmt":"2020-11-29T10:20:46","guid":{"rendered":"http:\/\/skns.hoborskiego.agh.edu.pl\/?page_id=88"},"modified":"2022-09-25T15:50:37","modified_gmt":"2022-09-25T13:50:37","slug":"iii-skns-2020","status":"publish","type":"page","link":"https:\/\/skns.hoborskiego.agh.edu.pl\/en\/iii-skns-2020\/","title":{"rendered":"III SSC 2020"},"content":{"rendered":"\n<h2 class=\"has-text-align-center wp-block-heading\">14 listopada 2020<\/h2>\n\n\n\n<h2 class=\"has-text-align-center\"><div class=\"wp-block-file\"><a href=\"http:\/\/skns.hoborskiego.agh.edu.pl\/wp-content\/uploads\/2020\/11\/Ksiazka-Abstraktow-III-SKNS.pdf\">Ksi\u0105\u017cka Abstrakt\u00f3w III SKNS<\/a><\/div><\/h2>\n\n\n\n<p class=\"has-text-align-center\"><strong>Harmonogram<\/strong><\/p>\n\n\n<div  id=\"jtg-161\" class=\"modula modula-gallery modula-columns\" data-config=\"{&quot;tabletHeight&quot;:800,&quot;mobileHeight&quot;:800,&quot;desktopHeight&quot;:800,&quot;enableTwitter&quot;:false,&quot;enableWhatsapp&quot;:false,&quot;enableFacebook&quot;:false,&quot;enablePinterest&quot;:false,&quot;enableLinkedin&quot;:false,&quot;enableEmail&quot;:false,&quot;randomFactor&quot;:0.5,&quot;type&quot;:&quot;grid&quot;,&quot;columns&quot;:12,&quot;gutter&quot;:10,&quot;mobileGutter&quot;:10,&quot;tabletGutter&quot;:10,&quot;desktopGutter&quot;:10,&quot;enableResponsive&quot;:&quot;0&quot;,&quot;tabletColumns&quot;:&quot;2&quot;,&quot;mobileColumns&quot;:&quot;1&quot;,&quot;lazyLoad&quot;:0,&quot;lightboxOpts&quot;:{&quot;animated&quot;:true,&quot;Thumbs&quot;:{&quot;type&quot;:&quot;modern&quot;,&quot;showOnStart&quot;:false},&quot;Toolbar&quot;:{&quot;display&quot;:{&quot;right&quot;:[&quot;close&quot;]},&quot;enabled&quot;:true},&quot;Carousel&quot;:{&quot;Panzoom&quot;:{&quot;touch&quot;:true},&quot;infinite&quot;:false},&quot;keyboard&quot;:{&quot;Escape&quot;:&quot;close&quot;,&quot;Delete&quot;:&quot;close&quot;,&quot;Backspace&quot;:&quot;close&quot;,&quot;PageUp&quot;:false,&quot;PageDown&quot;:false,&quot;ArrowUp&quot;:false,&quot;ArrowDown&quot;:false,&quot;ArrowRight&quot;:false,&quot;ArrowLeft&quot;:false},&quot;touch&quot;:false,&quot;backdropClick&quot;:false,&quot;l10n&quot;:{&quot;CLOSE&quot;:&quot;Close&quot;,&quot;NEXT&quot;:&quot;Next&quot;,&quot;PREV&quot;:&quot;Previous&quot;,&quot;Error&quot;:&quot;The requested content cannot be loaded. Please try again later.&quot;,&quot;PLAY_START&quot;:&quot;Start slideshow&quot;,&quot;PLAY_STOP&quot;:&quot;Pause slideshow&quot;,&quot;FULL_SCREEN&quot;:&quot;Full screen&quot;,&quot;THUMBS&quot;:&quot;Thumbnails&quot;,&quot;DOWNLOAD&quot;:&quot;Download&quot;,&quot;SHARE&quot;:&quot;Share&quot;,&quot;ZOOM&quot;:&quot;Zoom&quot;,&quot;EMAIL&quot;:&quot;Here is the link to the image : %%image_link%% and this is the link to the gallery : %%gallery_link%%&quot;,&quot;MODAL&quot;:&quot;You can close this modal content with the ESC key&quot;,&quot;ERROR&quot;:&quot;Something Went Wrong, Please Try Again Later&quot;,&quot;IMAGE_ERROR&quot;:&quot;Image Not Found&quot;,&quot;ELEMENT_NOT_FOUND&quot;:&quot;HTML Element Not Found&quot;,&quot;AJAX_NOT_FOUND&quot;:&quot;Error Loading AJAX : Not Found&quot;,&quot;AJAX_FORBIDDEN&quot;:&quot;Error Loading AJAX : Forbidden&quot;,&quot;IFRAME_ERROR&quot;:&quot;Error Loading Page&quot;,&quot;TOGGLE_ZOOM&quot;:&quot;Toggle zoom level&quot;,&quot;TOGGLE_THUMBS&quot;:&quot;Toggle thumbnails&quot;,&quot;TOGGLE_SLIDESHOW&quot;:&quot;Toggle slideshow&quot;,&quot;TOGGLE_FULLSCREEN&quot;:&quot;Toggle full-screen mode&quot;},&quot;Images&quot;:{&quot;Panzoom&quot;:{&quot;maxScale&quot;:2}},&quot;mainClass&quot;:&quot;modula-fancybox-container modula-lightbox-jtg-161&quot;,&quot;Html&quot;:{&quot;videoAutoplay&quot;:0,&quot;videoTpl&quot;:&quot;&lt;video class=\\&quot;fancybox__html5video\\&quot; controls muted playsinline controlsList controlsList=\\&quot;nodownload\\&quot; poster=\\&quot;{{poster}}\\&quot; src=\\&quot;{{src}}\\&quot; type=\\&quot;{{format}}\\&quot; &gt;  Sorry, your browser doesn&#039;t support embedded videos, &lt;a href=\\&quot;{{src}}\\&quot;&gt; download &lt;\\\/a&gt; and watch with your favorite video player! &lt;\\\/video&gt;&quot;}},&quot;inView&quot;:false,&quot;email_subject&quot;:&quot;Check out this awesome image !!&quot;,&quot;email_message&quot;:&quot;Here is the link to the image : %%image_link%% and this is the link to the gallery : %%gallery_link%%&quot;,&quot;grid_type&quot;:&quot;automatic&quot;,&quot;rowHeight&quot;:150,&quot;lastRow&quot;:&quot;justify&quot;,&quot;lightbox&quot;:&quot;fancybox&quot;}\">\n\n\t\n\t<div  class=\"modula-items grid-gallery\">\n\t\t<div class=\"modula-item effect-pufrobo\" >\n\t<div class=\"modula-item-overlay\"><\/div>\n\n\t<div class=\"modula-item-content\">\n\n\t\t\t\t\n\t\t\t\t\t<a data-image-id=\"163\" role=\"button\" tabindex=\"0\" rel=\"jtg-161\" data-caption=\"\" aria-label=\"Open image in lightbox\" class=\"tile-inner modula-item-link\"><\/a>\n\t\t\n\t\t<img loading=\"lazy\" decoding=\"async\" class=\"pic wp-image-163\"  data-valign=\"middle\" data-halign=\"center\" alt=\"\" data-full=\"https:\/\/skns.hoborskiego.agh.edu.pl\/wp-content\/uploads\/2020\/11\/Harmonogram-1.jpg\" title=\"Harmonogram-1\" width=\"724\" height=\"1024\" src=\"https:\/\/skns.hoborskiego.agh.edu.pl\/wp-content\/uploads\/2020\/11\/Harmonogram-1-724x1024.jpg\" data-src=\"https:\/\/skns.hoborskiego.agh.edu.pl\/wp-content\/uploads\/2020\/11\/Harmonogram-1-724x1024.jpg\" data-caption=\"\" srcset=\"https:\/\/skns.hoborskiego.agh.edu.pl\/wp-content\/uploads\/2020\/11\/Harmonogram-1.jpg 1654w, https:\/\/skns.hoborskiego.agh.edu.pl\/wp-content\/uploads\/2020\/11\/Harmonogram-1-212x300.jpg 212w, https:\/\/skns.hoborskiego.agh.edu.pl\/wp-content\/uploads\/2020\/11\/Harmonogram-1-724x1024.jpg 724w, https:\/\/skns.hoborskiego.agh.edu.pl\/wp-content\/uploads\/2020\/11\/Harmonogram-1-768x1086.jpg 768w, https:\/\/skns.hoborskiego.agh.edu.pl\/wp-content\/uploads\/2020\/11\/Harmonogram-1-1086x1536.jpg 1086w, https:\/\/skns.hoborskiego.agh.edu.pl\/wp-content\/uploads\/2020\/11\/Harmonogram-1-1448x2048.jpg 1448w, https:\/\/skns.hoborskiego.agh.edu.pl\/wp-content\/uploads\/2020\/11\/Harmonogram-1-1200x1697.jpg 1200w\" sizes=\"auto, (max-width: 724px) 100vw, 724px\" \/>\n\t\t<div class=\"figc no-description\">\n\t\t\t<div class=\"figc-inner\">\n\t\t\t\t\t\t\t\t\t\t\t\t\t\t\t<\/div>\n\t\t<\/div>\n\n\t<\/div>\n\n<\/div><div class=\"modula-item effect-pufrobo\" >\n\t<div class=\"modula-item-overlay\"><\/div>\n\n\t<div class=\"modula-item-content\">\n\n\t\t\t\t\n\t\t\t\t\t<a data-image-id=\"167\" role=\"button\" tabindex=\"0\" rel=\"jtg-161\" data-caption=\"\" aria-label=\"Open image in lightbox\" class=\"tile-inner modula-item-link\"><\/a>\n\t\t\n\t\t<img loading=\"lazy\" decoding=\"async\" class=\"pic wp-image-167\"  data-valign=\"middle\" data-halign=\"center\" alt=\"\" data-full=\"https:\/\/skns.hoborskiego.agh.edu.pl\/wp-content\/uploads\/2020\/11\/Harmonogram-2-1.jpg\" title=\"Harmonogram-2\" width=\"724\" height=\"1024\" src=\"https:\/\/skns.hoborskiego.agh.edu.pl\/wp-content\/uploads\/2020\/11\/Harmonogram-2-1-724x1024.jpg\" data-src=\"https:\/\/skns.hoborskiego.agh.edu.pl\/wp-content\/uploads\/2020\/11\/Harmonogram-2-1-724x1024.jpg\" data-caption=\"\" srcset=\"https:\/\/skns.hoborskiego.agh.edu.pl\/wp-content\/uploads\/2020\/11\/Harmonogram-2-1.jpg 1654w, https:\/\/skns.hoborskiego.agh.edu.pl\/wp-content\/uploads\/2020\/11\/Harmonogram-2-1-212x300.jpg 212w, https:\/\/skns.hoborskiego.agh.edu.pl\/wp-content\/uploads\/2020\/11\/Harmonogram-2-1-724x1024.jpg 724w, https:\/\/skns.hoborskiego.agh.edu.pl\/wp-content\/uploads\/2020\/11\/Harmonogram-2-1-768x1086.jpg 768w, https:\/\/skns.hoborskiego.agh.edu.pl\/wp-content\/uploads\/2020\/11\/Harmonogram-2-1-1086x1536.jpg 1086w, https:\/\/skns.hoborskiego.agh.edu.pl\/wp-content\/uploads\/2020\/11\/Harmonogram-2-1-1448x2048.jpg 1448w, https:\/\/skns.hoborskiego.agh.edu.pl\/wp-content\/uploads\/2020\/11\/Harmonogram-2-1-1200x1697.jpg 1200w\" sizes=\"auto, (max-width: 724px) 100vw, 724px\" \/>\n\t\t<div class=\"figc no-description\">\n\t\t\t<div class=\"figc-inner\">\n\t\t\t\t\t\t\t\t\t\t\t\t\t\t\t<\/div>\n\t\t<\/div>\n\n\t<\/div>\n\n<\/div><div class=\"modula-item effect-pufrobo\" >\n\t<div class=\"modula-item-overlay\"><\/div>\n\n\t<div class=\"modula-item-content\">\n\n\t\t\t\t\n\t\t\t\t\t<a data-image-id=\"166\" role=\"button\" tabindex=\"0\" rel=\"jtg-161\" data-caption=\"\" aria-label=\"Open image in lightbox\" class=\"tile-inner modula-item-link\"><\/a>\n\t\t\n\t\t<img loading=\"lazy\" decoding=\"async\" class=\"pic wp-image-166\"  data-valign=\"middle\" data-halign=\"center\" alt=\"\" data-full=\"https:\/\/skns.hoborskiego.agh.edu.pl\/wp-content\/uploads\/2020\/11\/Harmonogram-3.jpg\" title=\"Harmonogram-3\" width=\"724\" height=\"1024\" src=\"https:\/\/skns.hoborskiego.agh.edu.pl\/wp-content\/uploads\/2020\/11\/Harmonogram-3-724x1024.jpg\" data-src=\"https:\/\/skns.hoborskiego.agh.edu.pl\/wp-content\/uploads\/2020\/11\/Harmonogram-3-724x1024.jpg\" data-caption=\"\" srcset=\"https:\/\/skns.hoborskiego.agh.edu.pl\/wp-content\/uploads\/2020\/11\/Harmonogram-3.jpg 1654w, https:\/\/skns.hoborskiego.agh.edu.pl\/wp-content\/uploads\/2020\/11\/Harmonogram-3-212x300.jpg 212w, https:\/\/skns.hoborskiego.agh.edu.pl\/wp-content\/uploads\/2020\/11\/Harmonogram-3-724x1024.jpg 724w, https:\/\/skns.hoborskiego.agh.edu.pl\/wp-content\/uploads\/2020\/11\/Harmonogram-3-768x1086.jpg 768w, https:\/\/skns.hoborskiego.agh.edu.pl\/wp-content\/uploads\/2020\/11\/Harmonogram-3-1086x1536.jpg 1086w, https:\/\/skns.hoborskiego.agh.edu.pl\/wp-content\/uploads\/2020\/11\/Harmonogram-3-1448x2048.jpg 1448w, https:\/\/skns.hoborskiego.agh.edu.pl\/wp-content\/uploads\/2020\/11\/Harmonogram-3-1200x1697.jpg 1200w\" sizes=\"auto, (max-width: 724px) 100vw, 724px\" \/>\n\t\t<div class=\"figc no-description\">\n\t\t\t<div class=\"figc-inner\">\n\t\t\t\t\t\t\t\t\t\t\t\t\t\t\t<\/div>\n\t\t<\/div>\n\n\t<\/div>\n\n<\/div><div class=\"modula-item effect-pufrobo\" >\n\t<div class=\"modula-item-overlay\"><\/div>\n\n\t<div class=\"modula-item-content\">\n\n\t\t\t\t\n\t\t\t\t\t<a data-image-id=\"162\" role=\"button\" tabindex=\"0\" rel=\"jtg-161\" data-caption=\"\" aria-label=\"Open image in lightbox\" class=\"tile-inner modula-item-link\"><\/a>\n\t\t\n\t\t<img loading=\"lazy\" decoding=\"async\" class=\"pic wp-image-162\"  data-valign=\"middle\" data-halign=\"center\" alt=\"\" data-full=\"https:\/\/skns.hoborskiego.agh.edu.pl\/wp-content\/uploads\/2020\/11\/Harmonogram-4.jpg\" title=\"Harmonogram-4\" width=\"724\" height=\"1024\" src=\"https:\/\/skns.hoborskiego.agh.edu.pl\/wp-content\/uploads\/2020\/11\/Harmonogram-4-724x1024.jpg\" data-src=\"https:\/\/skns.hoborskiego.agh.edu.pl\/wp-content\/uploads\/2020\/11\/Harmonogram-4-724x1024.jpg\" data-caption=\"\" srcset=\"https:\/\/skns.hoborskiego.agh.edu.pl\/wp-content\/uploads\/2020\/11\/Harmonogram-4.jpg 1654w, https:\/\/skns.hoborskiego.agh.edu.pl\/wp-content\/uploads\/2020\/11\/Harmonogram-4-212x300.jpg 212w, https:\/\/skns.hoborskiego.agh.edu.pl\/wp-content\/uploads\/2020\/11\/Harmonogram-4-724x1024.jpg 724w, https:\/\/skns.hoborskiego.agh.edu.pl\/wp-content\/uploads\/2020\/11\/Harmonogram-4-768x1086.jpg 768w, https:\/\/skns.hoborskiego.agh.edu.pl\/wp-content\/uploads\/2020\/11\/Harmonogram-4-1086x1536.jpg 1086w, https:\/\/skns.hoborskiego.agh.edu.pl\/wp-content\/uploads\/2020\/11\/Harmonogram-4-1448x2048.jpg 1448w, https:\/\/skns.hoborskiego.agh.edu.pl\/wp-content\/uploads\/2020\/11\/Harmonogram-4-1200x1697.jpg 1200w\" sizes=\"auto, (max-width: 724px) 100vw, 724px\" \/>\n\t\t<div class=\"figc no-description\">\n\t\t\t<div class=\"figc-inner\">\n\t\t\t\t\t\t\t\t\t\t\t\t\t\t\t<\/div>\n\t\t<\/div>\n\n\t<\/div>\n\n<\/div>\t\t\n\t<\/div>\n\n\t\n\t\n\t<script type=\"application\/ld+json\">\n\t{\n\t\t\"@context\": \"http:\/\/schema.org\",\n\t\t\"@type\"   : \"ImageGallery\",\n\t\t\"id\"      : \"https:\/\/skns.hoborskiego.agh.edu.pl\/en\/iii-skns-2020\/\",\n\t\t\"url\"     : \"https:\/\/skns.hoborskiego.agh.edu.pl\/en\/iii-skns-2020\/\"\n\t}\n\n\t<\/script>\n\n\t\n<\/div>\n\n\n\n\n<h3 class=\"has-text-align-center wp-block-heading\">Nagrodzone referaty podczas III SKNS<\/h3>\n\n\n\n<div class=\"wp-block-columns alignwide are-vertically-aligned-top is-layout-flex wp-container-core-columns-is-layout-9d6595d7 wp-block-columns-is-layout-flex\">\n<div class=\"wp-block-column is-vertically-aligned-top is-layout-flow wp-block-column-is-layout-flow\">\n<h4><strong>Sekcja A<\/strong><\/h4>\n\n\n\n<p>Jury zdecydowa\u0142o si\u0119 przyzna\u0107 <strong>3 pierwsze miejsca ex aequo<\/strong> za nast\u0119puj\u0105ce referaty:<\/p>\n\n\n\n<p>&#8222;Symulacje transportu elektronowego przez nanostruktury p\u00f3\u0142przewodnikowe&#8221; &#8211; <em><strong>Daniel Grzelec<\/strong><\/em>, <a href=\"https:\/\/www.facebook.com\/AGH.Krakow\/?__cft__[0]=AZXj8dV_X8N4Fv5vcyzaM8bMVcKqljB6eJS1LtW85JjzutjXABjwP0ZmsPny5JKrPSrJV0KPY2WrcONSYBXAEbJLEMk8y72tzetq-VGAvV4p4Uv288W9sP6dcq9sxQ1wnTf-tEnat0P8MKh2zbDa6NeQPGsmik1jUV8BPZ2XtYYlST78gJJOzsCiMNHS-zxvBkk&amp;__tn__=kK-R\">Akademia G\u00f3rniczo-Hutnicza w Krakowie<\/a><\/p>\n\n\n\n<p>&#8222;Charakterystyka elektron\u00f3w supratermalnych na mi\u0119dzyplanetarnych falach uderzeniowych&#8221; &#8211; <em><strong>Karol Fu\u0142at<\/strong><\/em>, <a href=\"https:\/\/www.facebook.com\/AGH.Krakow\/?__cft__[0]=AZXj8dV_X8N4Fv5vcyzaM8bMVcKqljB6eJS1LtW85JjzutjXABjwP0ZmsPny5JKrPSrJV0KPY2WrcONSYBXAEbJLEMk8y72tzetq-VGAvV4p4Uv288W9sP6dcq9sxQ1wnTf-tEnat0P8MKh2zbDa6NeQPGsmik1jUV8BPZ2XtYYlST78gJJOzsCiMNHS-zxvBkk&amp;__tn__=kK-R\">Akademia G\u00f3rniczo-Hutnicza w Krakowie<\/a><\/p>\n\n\n\n<p>&#8222;Randomizowany algorytm Rungego-Kutty&#8221; &#8211; <em><strong>Tomasz Bochacik<\/strong><\/em>, <a href=\"https:\/\/www.facebook.com\/AGH.Krakow\/?__cft__[0]=AZXj8dV_X8N4Fv5vcyzaM8bMVcKqljB6eJS1LtW85JjzutjXABjwP0ZmsPny5JKrPSrJV0KPY2WrcONSYBXAEbJLEMk8y72tzetq-VGAvV4p4Uv288W9sP6dcq9sxQ1wnTf-tEnat0P8MKh2zbDa6NeQPGsmik1jUV8BPZ2XtYYlST78gJJOzsCiMNHS-zxvBkk&amp;__tn__=kK-R\">Akademia G\u00f3rniczo-Hutnicza w Krakowie<\/a><\/p>\n\n\n\n<p><strong>Wyr\u00f3\u017cnienie:<\/strong><\/p>\n\n\n\n<p>&#8222;Niezmienniki topologiczne struktur fraktalnych&#8221; &#8211; <em><strong>Weronika Pasek<\/strong><\/em>, <a href=\"https:\/\/www.facebook.com\/politechnika\/?__cft__[0]=AZXj8dV_X8N4Fv5vcyzaM8bMVcKqljB6eJS1LtW85JjzutjXABjwP0ZmsPny5JKrPSrJV0KPY2WrcONSYBXAEbJLEMk8y72tzetq-VGAvV4p4Uv288W9sP6dcq9sxQ1wnTf-tEnat0P8MKh2zbDa6NeQPGsmik1jUV8BPZ2XtYYlST78gJJOzsCiMNHS-zxvBkk&amp;__tn__=kK-R\">Politechnika Wroc\u0142awska<\/a><\/p>\n<\/div>\n\n\n\n<div class=\"wp-block-column is-vertically-aligned-top is-layout-flow wp-block-column-is-layout-flow\">\n<h4><strong>Sekcja B<\/strong><\/h4>\n\n\n\n<p><strong>Miejsce 1: <\/strong><\/p>\n\n\n\n<p>&#8222;Oddzia\u0142ywania mi\u0119dzy cz\u0105steczkami kwasu oleinowego i kwasu oleanolowego na granicy faz&#8221; &#8211; <em><strong>Martyna Krajewsk<\/strong><\/em><strong><em>a<\/em><\/strong>, <a href=\"https:\/\/www.facebook.com\/Politechnika.Poznanska\/?__cft__[0]=AZXj8dV_X8N4Fv5vcyzaM8bMVcKqljB6eJS1LtW85JjzutjXABjwP0ZmsPny5JKrPSrJV0KPY2WrcONSYBXAEbJLEMk8y72tzetq-VGAvV4p4Uv288W9sP6dcq9sxQ1wnTf-tEnat0P8MKh2zbDa6NeQPGsmik1jUV8BPZ2XtYYlST78gJJOzsCiMNHS-zxvBkk&amp;__tn__=kK-R\">Politechnika Pozna\u0144ska<\/a><\/p>\n\n\n\n<p><strong>Miejsce 2: <\/strong><\/p>\n\n\n\n<p>&#8222;Zastosowanie adsorpcji zmiennoci\u015bnieniowej do produkcji tlenu medycznego&#8221; &#8211; <em><strong>Adrian Lubecki<\/strong><\/em>, <a href=\"https:\/\/www.facebook.com\/AGH.Krakow\/?__cft__[0]=AZXj8dV_X8N4Fv5vcyzaM8bMVcKqljB6eJS1LtW85JjzutjXABjwP0ZmsPny5JKrPSrJV0KPY2WrcONSYBXAEbJLEMk8y72tzetq-VGAvV4p4Uv288W9sP6dcq9sxQ1wnTf-tEnat0P8MKh2zbDa6NeQPGsmik1jUV8BPZ2XtYYlST78gJJOzsCiMNHS-zxvBkk&amp;__tn__=kK-R\">Akademia G\u00f3rniczo-Hutnicza w Krakowie<\/a><\/p>\n\n\n\n<p><strong>Miejsce 3: <\/strong><\/p>\n\n\n\n<p>&#8222;Dwufunkcyjne czwartorz\u0119dowe sole tropiniowe jako nowa forma herbicyd\u00f3w&#8221; &#8211; <em><strong>Wiktoria Wilms<\/strong><\/em>, <a href=\"https:\/\/www.facebook.com\/Politechnika.Poznanska\/?__cft__[0]=AZXj8dV_X8N4Fv5vcyzaM8bMVcKqljB6eJS1LtW85JjzutjXABjwP0ZmsPny5JKrPSrJV0KPY2WrcONSYBXAEbJLEMk8y72tzetq-VGAvV4p4Uv288W9sP6dcq9sxQ1wnTf-tEnat0P8MKh2zbDa6NeQPGsmik1jUV8BPZ2XtYYlST78gJJOzsCiMNHS-zxvBkk&amp;__tn__=kK-R\">Politechnika Pozna\u0144ska<\/a><\/p>\n\n\n\n<p><strong>Wyr\u00f3\u017cnienie:<\/strong><\/p>\n\n\n\n<p>&#8222;Modyfikacja chemiczna w\u0142\u00f3kien celulozy oraz ich zastosowanie w kompozytach elastomerowych&#8221; &#8211; <em><strong>Karol Tutek<\/strong><\/em>, <a href=\"https:\/\/www.facebook.com\/Politechnika.Lodzka\/?__cft__[0]=AZXj8dV_X8N4Fv5vcyzaM8bMVcKqljB6eJS1LtW85JjzutjXABjwP0ZmsPny5JKrPSrJV0KPY2WrcONSYBXAEbJLEMk8y72tzetq-VGAvV4p4Uv288W9sP6dcq9sxQ1wnTf-tEnat0P8MKh2zbDa6NeQPGsmik1jUV8BPZ2XtYYlST78gJJOzsCiMNHS-zxvBkk&amp;__tn__=kK-R\">Politechnika \u0141\u00f3dzka<\/a><\/p>\n\n\n\n<p><\/p>\n<\/div>\n<\/div>\n\n\n\n<p><\/p>\n\n\n\n<div class=\"wp-block-columns alignwide is-layout-flex wp-container-core-columns-is-layout-9d6595d7 wp-block-columns-is-layout-flex\">\n<div class=\"wp-block-column is-vertically-aligned-top is-layout-flow wp-block-column-is-layout-flow\">\n<h4><strong>Sekcja C<\/strong><\/h4>\n\n\n\n<div class=\"wp-block-group\"><div class=\"wp-block-group__inner-container is-layout-flow wp-block-group-is-layout-flow\">\n<p><strong>Miejsce 1: <\/strong><\/p>\n<\/div><\/div>\n\n\n\n<p>&#8222;Enzyme based amperometric biosensor and its comparison with other techniques&#8221; &#8211; <em><strong>Maria Kuznowicz<\/strong><\/em>, <a href=\"https:\/\/www.facebook.com\/AGH.Krakow\/?__cft__[0]=AZXj8dV_X8N4Fv5vcyzaM8bMVcKqljB6eJS1LtW85JjzutjXABjwP0ZmsPny5JKrPSrJV0KPY2WrcONSYBXAEbJLEMk8y72tzetq-VGAvV4p4Uv288W9sP6dcq9sxQ1wnTf-tEnat0P8MKh2zbDa6NeQPGsmik1jUV8BPZ2XtYYlST78gJJOzsCiMNHS-zxvBkk&amp;__tn__=kK-R\">Akademia G\u00f3rniczo-Hutnicza w Krakowie<\/a><\/p>\n\n\n\n<p><strong>Miejsce 2: <\/strong><\/p>\n\n\n\n<p>&#8222;S\u0142odkie ciecze jonowe zawieraj\u0105ce anion acesulfamu&#8221; &#8211; <em><strong>Witold Stachowiak<\/strong><\/em>, <a href=\"https:\/\/www.facebook.com\/Politechnika.Poznanska\/?__cft__[0]=AZXj8dV_X8N4Fv5vcyzaM8bMVcKqljB6eJS1LtW85JjzutjXABjwP0ZmsPny5JKrPSrJV0KPY2WrcONSYBXAEbJLEMk8y72tzetq-VGAvV4p4Uv288W9sP6dcq9sxQ1wnTf-tEnat0P8MKh2zbDa6NeQPGsmik1jUV8BPZ2XtYYlST78gJJOzsCiMNHS-zxvBkk&amp;__tn__=kK-R\">Politechnika Pozna\u0144ska<\/a><\/p>\n\n\n\n<p><strong>Miejsce 3: <\/strong><\/p>\n\n\n\n<p>&#8222;Zdolno\u015b\u0107 antyoksydacyjna sfermentowanych sok\u00f3w wybranych warzyw&#8221; &#8211; <em><strong>Patryk Zdziobek<\/strong><\/em>, <a href=\"https:\/\/www.facebook.com\/AGH.Krakow\/?__cft__[0]=AZXj8dV_X8N4Fv5vcyzaM8bMVcKqljB6eJS1LtW85JjzutjXABjwP0ZmsPny5JKrPSrJV0KPY2WrcONSYBXAEbJLEMk8y72tzetq-VGAvV4p4Uv288W9sP6dcq9sxQ1wnTf-tEnat0P8MKh2zbDa6NeQPGsmik1jUV8BPZ2XtYYlST78gJJOzsCiMNHS-zxvBkk&amp;__tn__=kK-R\">Akademia G\u00f3rniczo-Hutnicza w Krakowie<\/a><\/p>\n\n\n\n<p><strong>Wyr\u00f3\u017cnienie: <\/strong><\/p>\n\n\n\n<p>&#8222;O stanach wibracyjnych nanodrut\u00f3w AlGaN-owych, czyli o Ramanie bez napi\u0119\u0107&#8221; &#8211; <strong><em>Rados\u0142aw Szymon<\/em><\/strong>, <a href=\"https:\/\/www.facebook.com\/politechnika\/?__cft__[0]=AZXj8dV_X8N4Fv5vcyzaM8bMVcKqljB6eJS1LtW85JjzutjXABjwP0ZmsPny5JKrPSrJV0KPY2WrcONSYBXAEbJLEMk8y72tzetq-VGAvV4p4Uv288W9sP6dcq9sxQ1wnTf-tEnat0P8MKh2zbDa6NeQPGsmik1jUV8BPZ2XtYYlST78gJJOzsCiMNHS-zxvBkk&amp;__tn__=kK-R\">Politechnika Wroc\u0142awska<\/a><\/p>\n<\/div>\n\n\n\n<div class=\"wp-block-column is-layout-flow wp-block-column-is-layout-flow\">\n<h4><strong>Sekcja D<\/strong><\/h4>\n\n\n\n<p>Jury zdecydowa\u0142o si\u0119 przyzna\u0107 <strong>2 pierwsze miejsca ex aequo<\/strong> za nast\u0119puj\u0105ce referaty: <\/p>\n\n\n\n<p>&#8222;Wp\u0142yw obecno\u015bci metali ci\u0119\u017ckich zawartych w popio\u0142ach lotnych na syntez\u0119 zeolit\u00f3w&#8221; &#8211; <strong><em>Bart\u0142omiej Pawlak<\/em><\/strong>, <a href=\"https:\/\/www.facebook.com\/AGH.Krakow\/?__cft__[0]=AZXj8dV_X8N4Fv5vcyzaM8bMVcKqljB6eJS1LtW85JjzutjXABjwP0ZmsPny5JKrPSrJV0KPY2WrcONSYBXAEbJLEMk8y72tzetq-VGAvV4p4Uv288W9sP6dcq9sxQ1wnTf-tEnat0P8MKh2zbDa6NeQPGsmik1jUV8BPZ2XtYYlST78gJJOzsCiMNHS-zxvBkk&amp;__tn__=kK-R\">Akademia G\u00f3rniczo-Hutnicza w Krakowie<\/a><\/p>\n\n\n\n<p>&#8222;HYDRA v2 &#8211; rozwojowe szynowe dzia\u0142o elektromagnetyczne&#8221; &#8211; <strong><em>Mateusz K\u0142eczek<\/em><\/strong>, <a href=\"https:\/\/www.facebook.com\/AGH.Krakow\/?__cft__[0]=AZXj8dV_X8N4Fv5vcyzaM8bMVcKqljB6eJS1LtW85JjzutjXABjwP0ZmsPny5JKrPSrJV0KPY2WrcONSYBXAEbJLEMk8y72tzetq-VGAvV4p4Uv288W9sP6dcq9sxQ1wnTf-tEnat0P8MKh2zbDa6NeQPGsmik1jUV8BPZ2XtYYlST78gJJOzsCiMNHS-zxvBkk&amp;__tn__=kK-R\">Akademia G\u00f3rniczo-Hutnicza w Krakowie<\/a><\/p>\n\n\n\n<p><strong>Miejsce 3: <\/strong><\/p>\n\n\n\n<p>&#8222;Analiza w\u0142asno\u015bci materia\u0142u kompozytowego przeznaczonego do budowy kad\u0142uba \u0142odzi solarnej&#8221; &#8211; <strong><em>Gabriela Hajduk<\/em><\/strong>, <a href=\"https:\/\/www.facebook.com\/AGH.Krakow\/?__cft__[0]=AZXj8dV_X8N4Fv5vcyzaM8bMVcKqljB6eJS1LtW85JjzutjXABjwP0ZmsPny5JKrPSrJV0KPY2WrcONSYBXAEbJLEMk8y72tzetq-VGAvV4p4Uv288W9sP6dcq9sxQ1wnTf-tEnat0P8MKh2zbDa6NeQPGsmik1jUV8BPZ2XtYYlST78gJJOzsCiMNHS-zxvBkk&amp;__tn__=kK-R\">Akademia G\u00f3rniczo-Hutnicza w Krakowie<\/a><\/p>\n\n\n\n<p><strong>Wyr\u00f3\u017cnienie: <\/strong><\/p>\n\n\n\n<p>&#8222;Wp\u0142yw sposobu laminowania ogniw fotowoltaicznych na ich generowan\u0105 moc elektryczn\u0105 oraz wytrzyma\u0142o\u015b\u0107 konstrukcji samolotu AGH Solar Plane&#8221; &#8211; <strong><em>Jan Kostecki<\/em><\/strong>, <a href=\"https:\/\/www.facebook.com\/AGH.Krakow\/?__cft__[0]=AZXj8dV_X8N4Fv5vcyzaM8bMVcKqljB6eJS1LtW85JjzutjXABjwP0ZmsPny5JKrPSrJV0KPY2WrcONSYBXAEbJLEMk8y72tzetq-VGAvV4p4Uv288W9sP6dcq9sxQ1wnTf-tEnat0P8MKh2zbDa6NeQPGsmik1jUV8BPZ2XtYYlST78gJJOzsCiMNHS-zxvBkk&amp;__tn__=kK-R\">Akademia G\u00f3rniczo-Hutnicza w Krakowie<\/a><\/p>\n<\/div>\n<\/div>\n","protected":false},"excerpt":{"rendered":"<p>14 listopada 2020 Ksi\u0105\u017cka Abstrakt\u00f3w III SKNS Harmonogram Nagrodzone referaty podczas III SKNS Sekcja A Jury zdecydowa\u0142o si\u0119 przyzna\u0107 3 pierwsze miejsca ex aequo za nast\u0119puj\u0105ce referaty: &#8222;Symulacje transportu elektronowego przez nanostruktury p\u00f3\u0142przewodnikowe&#8221; &#8211; Daniel Grzelec, Akademia G\u00f3rniczo-Hutnicza w Krakowie &#8222;Charakterystyka elektron\u00f3w supratermalnych na mi\u0119dzyplanetarnych falach uderzeniowych&#8221; &#8211; Karol Fu\u0142at, [&hellip;]<\/p>\n","protected":false},"author":2,"featured_media":0,"parent":0,"menu_order":0,"comment_status":"closed","ping_status":"closed","template":"","meta":{"footnotes":""},"class_list":["post-88","page","type-page","status-publish","hentry"],"_links":{"self":[{"href":"https:\/\/skns.hoborskiego.agh.edu.pl\/en\/wp-json\/wp\/v2\/pages\/88","targetHints":{"allow":["GET"]}}],"collection":[{"href":"https:\/\/skns.hoborskiego.agh.edu.pl\/en\/wp-json\/wp\/v2\/pages"}],"about":[{"href":"https:\/\/skns.hoborskiego.agh.edu.pl\/en\/wp-json\/wp\/v2\/types\/page"}],"author":[{"embeddable":true,"href":"https:\/\/skns.hoborskiego.agh.edu.pl\/en\/wp-json\/wp\/v2\/users\/2"}],"replies":[{"embeddable":true,"href":"https:\/\/skns.hoborskiego.agh.edu.pl\/en\/wp-json\/wp\/v2\/comments?post=88"}],"version-history":[{"count":28,"href":"https:\/\/skns.hoborskiego.agh.edu.pl\/en\/wp-json\/wp\/v2\/pages\/88\/revisions"}],"predecessor-version":[{"id":302,"href":"https:\/\/skns.hoborskiego.agh.edu.pl\/en\/wp-json\/wp\/v2\/pages\/88\/revisions\/302"}],"wp:attachment":[{"href":"https:\/\/skns.hoborskiego.agh.edu.pl\/en\/wp-json\/wp\/v2\/media?parent=88"}],"curies":[{"name":"wp","href":"https:\/\/api.w.org\/{rel}","templated":true}]}}